{"id":320,"date":"2024-01-17T20:05:40","date_gmt":"2024-01-17T19:05:40","guid":{"rendered":"https:\/\/open-concept.fr\/?page_id=320"},"modified":"2025-05-03T17:14:20","modified_gmt":"2025-05-03T16:14:20","slug":"partenaires","status":"publish","type":"page","link":"http:\/\/open-concept.fr\/?page_id=320","title":{"rendered":"Partenaires"},"content":{"rendered":"\n<p>L&rsquo;<strong>AMO Smart<\/strong> doit proposer les solutions les plus innovantes et adapt\u00e9es au projet. Lors des phases de r\u00e9alisation, il fait appel \u00e0 des fournisseurs d&rsquo;\u00e9quipements et int\u00e9grateurs offrant la qualit\u00e9 de service maximale.<br>La connaissance de l&rsquo;\u00e9cosyst\u00e8me num\u00e9rique et la participation \u00e0 de nombreuses \u00e9v\u00e8nements et conf\u00e9rences permettent \u00e0 <strong>OPEN CONCEPT<\/strong> de proposer des solutions innovantes, p\u00e9rennes et int\u00e9rop\u00e9rables.<\/p>\n\n\n\n<div class=\"wp-block-media-text is-stacked-on-mobile\" style=\"border-radius:30px;grid-template-columns:28% auto\"><figure class=\"wp-block-media-text__media\"><img loading=\"lazy\" decoding=\"async\" width=\"301\" height=\"167\" src=\"https:\/\/open-concept.fr\/WordPress\/wp-content\/uploads\/2025\/01\/sba.png\" alt=\"\" class=\"wp-image-931 size-full\"\/><\/figure><div class=\"wp-block-media-text__content\">\n<blockquote class=\"wp-block-quote is-layout-flow wp-block-quote-is-layout-flow\">\n<p>Membre actif de la <strong><a href=\"http:\/\/www.smartbuildingsalliance.org\" data-type=\"link\" data-id=\"www.smartbuildingsalliance.org\">Smart Building Alliance<\/a><\/strong>, nous sommes au coeur des d\u00e9bats autour du Smart Home, Smart Building et Smart City<br>Participe activement aux commissions :<\/p>\n\n\n\n<ul class=\"wp-block-list\">\n<li>AMO Smart<\/li>\n\n\n\n<li>Smart Hospital<\/li>\n\n\n\n<li>Flexibilit\u00e9 \u00e9nerg\u00e9tique<\/li>\n\n\n\n<li>Smart Workplace<\/li>\n<\/ul>\n<\/blockquote>\n<\/div><\/div>\n\n\n\n<div class=\"wp-block-media-text is-stacked-on-mobile\" style=\"grid-template-columns:29% auto\"><figure class=\"wp-block-media-text__media\"><img loading=\"lazy\" decoding=\"async\" width=\"228\" height=\"221\" src=\"http:\/\/open-concept.fr\/WordPress\/wp-content\/uploads\/2024\/12\/microshare.png\" alt=\"\" class=\"wp-image-736 size-full\"\/><\/figure><div class=\"wp-block-media-text__content\">\n<blockquote class=\"wp-block-quote is-layout-flow wp-block-quote-is-layout-flow\">\n<p>Partenaire de notre offre <strong>IoT <\/strong>pour des espaces de travail Smart, <a href=\"https:\/\/www.microshare.io\/\" data-type=\"link\" data-id=\"https:\/\/www.microshare.io\/\"><strong>Microshare<\/strong><\/a> nous fournit une solution cl\u00e9s en mains :<\/p>\n\n\n\n<ul class=\"wp-block-list\">\n<li>Capteurs autonomes de l&rsquo;Internet des Objets<\/li>\n\n\n\n<li>Passerelle LoRaWAN pour un r\u00e9seau priv\u00e9 s\u00e9curis\u00e9<\/li>\n\n\n\n<li>Instance Azure situ\u00e9e en Europe<\/li>\n\n\n\n<li>Data Lake des donn\u00e9es accessibles gr\u00e2ce \u00e0 des API document\u00e9es<\/li>\n\n\n\n<li>Visualisation des donn\u00e9es depuis le dashboard int\u00e9gr\u00e9<\/li>\n\n\n\n<li>Export des donn\u00e9es CSV, XLS, Power BI<\/li>\n<\/ul>\n<\/blockquote>\n<\/div><\/div>\n\n\n\n<div class=\"wp-block-media-text is-stacked-on-mobile\" style=\"grid-template-columns:29% auto\"><figure class=\"wp-block-media-text__media\"><img loading=\"lazy\" decoding=\"async\" width=\"200\" height=\"200\" src=\"https:\/\/open-concept.fr\/WordPress\/wp-content\/uploads\/2024\/12\/stardust.png\" alt=\"\" class=\"wp-image-737 size-full\" srcset=\"http:\/\/open-concept.fr\/WordPress\/wp-content\/uploads\/2024\/12\/stardust.png 200w, http:\/\/open-concept.fr\/WordPress\/wp-content\/uploads\/2024\/12\/stardust-150x150.png 150w\" sizes=\"auto, (max-width: 200px) 100vw, 200px\" \/><\/figure><div class=\"wp-block-media-text__content\">\n<blockquote class=\"wp-block-quote is-layout-flow wp-block-quote-is-layout-flow\">\n<p>Partenaire de notre offre <strong>Smart Workplace<\/strong>, pour des espaces de travail intuitifs, <strong><a href=\"https:\/\/stardust-group.com\/\" data-type=\"link\" data-id=\"https:\/\/stardust-group.com\/\">Stardust Group<\/a><\/strong> nous accompagne dans nos projets multim\u00e9dia :<\/p>\n\n\n\n<ul class=\"wp-block-list\">\n<li>Syst\u00e8mes de visioconf\u00e9rence<\/li>\n\n\n\n<li>Ecrans de signage<\/li>\n\n\n\n<li>Murs d&rsquo;images et \u00e9crans LED<\/li>\n\n\n\n<li>Salles hybrides multimodales<\/li>\n<\/ul>\n\n\n\n<p>R\u00e9alisation des 2 projets d\u00e9crits dans notre expertise <a href=\"https:\/\/open-concept.fr\/?page_id=204\" data-type=\"page\" data-id=\"204\"><strong>Smart Workplace<\/strong><\/a><\/p>\n<\/blockquote>\n<\/div><\/div>\n\n\n\n<div class=\"wp-block-media-text is-stacked-on-mobile\" style=\"grid-template-columns:36% auto\"><figure class=\"wp-block-media-text__media\"><img loading=\"lazy\" decoding=\"async\" width=\"389\" height=\"129\" src=\"http:\/\/open-concept.fr\/WordPress\/wp-content\/uploads\/2025\/05\/magma.png\" alt=\"\" class=\"wp-image-1164 size-full\" srcset=\"http:\/\/open-concept.fr\/WordPress\/wp-content\/uploads\/2025\/05\/magma.png 389w, http:\/\/open-concept.fr\/WordPress\/wp-content\/uploads\/2025\/05\/magma-300x99.png 300w\" sizes=\"auto, (max-width: 389px) 100vw, 389px\" \/><\/figure><div class=\"wp-block-media-text__content\">\n<blockquote class=\"wp-block-quote is-layout-flow wp-block-quote-is-layout-flow\">\n<p><a href=\"https:\/\/thisismagma.com\/fr\/\"><strong>Magma<\/strong><\/a> est une <strong>plateforme Web3<\/strong> pour tous les acteurs de l&rsquo;immobilier qui offre aux utilisateurs la possibilit\u00e9 de g\u00e9rer les interactions entre les actifs physiques et num\u00e9riques gr\u00e2ce \u00e0 des repr\u00e9sentations 3D uniques et g\u00e9n\u00e9r\u00e9es collectivement de leurs b\u00e2timents.<\/p>\n\n\n\n<p>Magma utilise la technologie <strong>blockchain<\/strong> pour enregistrer les donn\u00e9es essentielles, ce qui permet \u00e0 ses utilisateurs d&rsquo;acc\u00e9der facilement \u00e0 des flux d&rsquo;informations transparents, tra\u00e7ables, et immuables. Les <strong>contrats intelligents<\/strong> Magma sont construits avec ces donn\u00e9es blockchain pour acc\u00e9l\u00e9rer les t\u00e2ches telles que les demandes de propositions, les contrats de location et les accords de services.<\/p>\n\n\n\n<p><strong>OPEN CONCEPT<\/strong> ma\u00eetrise parfaitement cette technologie en tant que <strong>Advisor<\/strong> et peut vous accompagner dans la digitalisation de vos actifs.<\/p>\n<\/blockquote>\n<\/div><\/div>\n\n\n\n<p><\/p>\n","protected":false},"excerpt":{"rendered":"<p>L&rsquo;AMO Smart doit proposer les solutions les plus innovantes et adapt\u00e9es au projet. Lors des phases de r\u00e9alisation, il fait [&hellip;]<\/p>\n","protected":false},"author":1,"featured_media":0,"parent":0,"menu_order":4,"comment_status":"closed","ping_status":"closed","template":"","meta":{"site-sidebar-layout":"default","site-content-layout":"","ast-site-content-layout":"default","site-content-style":"default","site-sidebar-style":"default","ast-global-header-display":"","ast-banner-title-visibility":"","ast-main-header-display":"","ast-hfb-above-header-display":"","ast-hfb-below-header-display":"","ast-hfb-mobile-header-display":"","site-post-title":"","ast-breadcrumbs-content":"","ast-featured-img":"","footer-sml-layout":"","ast-disable-related-posts":"","theme-transparent-header-meta":"","adv-header-id-meta":"","stick-header-meta":"","header-above-stick-meta":"","header-main-stick-meta":"","header-below-stick-meta":"","astra-migrate-meta-layouts":"default","ast-page-background-enabled":"default","ast-page-background-meta":{"desktop":{"background-color":"var(--ast-global-color-4)","background-image":"","background-repeat":"repeat","background-position":"center center","background-size":"auto","background-attachment":"scroll","background-type":"","background-media":"","overlay-type":"","overlay-color":"","overlay-opacity":"","overlay-gradient":""},"tablet":{"background-color":"","background-image":"","background-repeat":"repeat","background-position":"center center","background-size":"auto","background-attachment":"scroll","background-type":"","background-media":"","overlay-type":"","overlay-color":"","overlay-opacity":"","overlay-gradient":""},"mobile":{"background-color":"","background-image":"","background-repeat":"repeat","background-position":"center center","background-size":"auto","background-attachment":"scroll","background-type":"","background-media":"","overlay-type":"","overlay-color":"","overlay-opacity":"","overlay-gradient":""}},"ast-content-background-meta":{"desktop":{"background-color":"var(--ast-global-color-5)","background-image":"","background-repeat":"repeat","background-position":"center center","background-size":"auto","background-attachment":"scroll","background-type":"","background-media":"","overlay-type":"","overlay-color":"","overlay-opacity":"","overlay-gradient":""},"tablet":{"background-color":"var(--ast-global-color-5)","background-image":"","background-repeat":"repeat","background-position":"center center","background-size":"auto","background-attachment":"scroll","background-type":"","background-media":"","overlay-type":"","overlay-color":"","overlay-opacity":"","overlay-gradient":""},"mobile":{"background-color":"var(--ast-global-color-5)","background-image":"","background-repeat":"repeat","background-position":"center center","background-size":"auto","background-attachment":"scroll","background-type":"","background-media":"","overlay-type":"","overlay-color":"","overlay-opacity":"","overlay-gradient":""}},"footnotes":""},"class_list":["post-320","page","type-page","status-publish","hentry"],"_links":{"self":[{"href":"http:\/\/open-concept.fr\/index.php?rest_route=\/wp\/v2\/pages\/320","targetHints":{"allow":["GET"]}}],"collection":[{"href":"http:\/\/open-concept.fr\/index.php?rest_route=\/wp\/v2\/pages"}],"about":[{"href":"http:\/\/open-concept.fr\/index.php?rest_route=\/wp\/v2\/types\/page"}],"author":[{"embeddable":true,"href":"http:\/\/open-concept.fr\/index.php?rest_route=\/wp\/v2\/users\/1"}],"replies":[{"embeddable":true,"href":"http:\/\/open-concept.fr\/index.php?rest_route=%2Fwp%2Fv2%2Fcomments&post=320"}],"version-history":[{"count":22,"href":"http:\/\/open-concept.fr\/index.php?rest_route=\/wp\/v2\/pages\/320\/revisions"}],"predecessor-version":[{"id":1169,"href":"http:\/\/open-concept.fr\/index.php?rest_route=\/wp\/v2\/pages\/320\/revisions\/1169"}],"wp:attachment":[{"href":"http:\/\/open-concept.fr\/index.php?rest_route=%2Fwp%2Fv2%2Fmedia&parent=320"}],"curies":[{"name":"wp","href":"https:\/\/api.w.org\/{rel}","templated":true}]}}