{"id":347,"date":"2024-01-20T12:17:29","date_gmt":"2024-01-20T11:17:29","guid":{"rendered":"https:\/\/open-concept.fr\/?page_id=347"},"modified":"2025-01-13T19:36:06","modified_gmt":"2025-01-13T18:36:06","slug":"application-mobile-signage","status":"publish","type":"page","link":"http:\/\/open-concept.fr\/?page_id=347","title":{"rendered":"Application mobile &#038; Affichage"},"content":{"rendered":"\n<p>A partir des conclusions issues de l&rsquo;<strong>analyse des besoins<\/strong>, nous proposons aux utilisateurs de disposer des services num\u00e9riques depuis leur <strong>intranet<\/strong>, sur des <strong>\u00e9crans interactifs<\/strong> ou sur leur <strong>smartphone<\/strong>.<br>Nous intervenons en qualit\u00e9 d&rsquo;<strong>AMO Smart <\/strong>durant les phases de conception, r\u00e9alisation et r\u00e9ception.<\/p>\n\n\n\n<h2 class=\"wp-block-heading has-ast-global-color-0-color has-text-color has-link-color wp-elements-ec3ed4f5419ad4aada8f9bc66b1ce75f\">Smart Office<\/h2>\n\n\n\n<div class=\"wp-block-media-text is-stacked-on-mobile\" style=\"grid-template-columns:40% auto\"><figure class=\"wp-block-media-text__media\"><img loading=\"lazy\" decoding=\"async\" width=\"595\" height=\"281\" src=\"http:\/\/open-concept.fr\/WordPress\/wp-content\/uploads\/2024\/01\/smartapp-e1735991900911.webp\" alt=\"\" class=\"wp-image-477 size-full\" srcset=\"http:\/\/open-concept.fr\/WordPress\/wp-content\/uploads\/2024\/01\/smartapp-e1735991900911.webp 595w, http:\/\/open-concept.fr\/WordPress\/wp-content\/uploads\/2024\/01\/smartapp-e1735991900911-300x142.webp 300w\" sizes=\"auto, (max-width: 595px) 100vw, 595px\" \/><\/figure><div class=\"wp-block-media-text__content\">\n<blockquote class=\"wp-block-quote is-layout-flow wp-block-quote-is-layout-flow\" style=\"font-size:16px\">\n<p>Permet en situation de mobilit\u00e9 d&rsquo;utiliser l&rsquo;ensemble des services num\u00e9riques sur le smartphone gr\u00e2ce \u00e0 des modules pouvant \u00eatre d\u00e9ploy\u00e9s par phases :<\/p>\n\n\n\n<ul class=\"wp-block-list\">\n<li>Actualit\u00e9s &amp; infos pratiques<\/li>\n\n\n\n<li>Plans interactifs &amp; orientation<\/li>\n\n\n\n<li>R\u00e9servation des espaces<\/li>\n\n\n\n<li>Parking et charge des v\u00e9hicules \u00e9lectriques<\/li>\n\n\n\n<li>Restauration<\/li>\n<\/ul>\n<\/blockquote>\n<\/div><\/div>\n\n\n\n<h2 class=\"wp-block-heading has-ast-global-color-0-color has-text-color has-link-color wp-elements-68b33b61fbc025014eaf86f85bb5fb32\">Signage<\/h2>\n\n\n\n<div class=\"wp-block-media-text has-media-on-the-right is-stacked-on-mobile\" style=\"grid-template-columns:auto 40%\"><div class=\"wp-block-media-text__content\">\n<blockquote class=\"wp-block-quote is-layout-flow wp-block-quote-is-layout-flow\" style=\"font-size:16px\">\n<p>Les <strong>\u00e9crans interactifs<\/strong> permettent de visualiser des contenus destin\u00e9s aux collaborateurs ou aux clients. La gestion de leur contenu est ainsi personnalis\u00e9e. Les flux sont issus d&rsquo;une saisie depuis l&rsquo;outil d&rsquo;administration ou proviennent d&rsquo;un outil d\u00e9j\u00e0 d\u00e9ploy\u00e9 dans l&rsquo;entreprise.<\/p>\n<\/blockquote>\n<\/div><figure class=\"wp-block-media-text__media\"><img loading=\"lazy\" decoding=\"async\" width=\"1024\" height=\"695\" src=\"http:\/\/open-concept.fr\/WordPress\/wp-content\/uploads\/2024\/01\/signage-1024x695.jpg\" alt=\"\" class=\"wp-image-478 size-full\" srcset=\"http:\/\/open-concept.fr\/WordPress\/wp-content\/uploads\/2024\/01\/signage-1024x695.jpg 1024w, http:\/\/open-concept.fr\/WordPress\/wp-content\/uploads\/2024\/01\/signage-300x204.jpg 300w, http:\/\/open-concept.fr\/WordPress\/wp-content\/uploads\/2024\/01\/signage-768x521.jpg 768w, http:\/\/open-concept.fr\/WordPress\/wp-content\/uploads\/2024\/01\/signage-1536x1043.jpg 1536w, http:\/\/open-concept.fr\/WordPress\/wp-content\/uploads\/2024\/01\/signage-2048x1391.jpg 2048w\" sizes=\"auto, (max-width: 1024px) 100vw, 1024px\" \/><\/figure><\/div>\n\n\n\n<p><\/p>\n","protected":false},"excerpt":{"rendered":"<p>A partir des conclusions issues de l&rsquo;analyse des besoins, nous proposons aux utilisateurs de disposer des services num\u00e9riques depuis leur [&hellip;]<\/p>\n","protected":false},"author":1,"featured_media":0,"parent":355,"menu_order":6,"comment_status":"closed","ping_status":"closed","template":"","meta":{"site-sidebar-layout":"default","site-content-layout":"","ast-site-content-layout":"default","site-content-style":"default","site-sidebar-style":"default","ast-global-header-display":"","ast-banner-title-visibility":"","ast-main-header-display":"","ast-hfb-above-header-display":"","ast-hfb-below-header-display":"","ast-hfb-mobile-header-display":"","site-post-title":"","ast-breadcrumbs-content":"","ast-featured-img":"","footer-sml-layout":"","ast-disable-related-posts":"","theme-transparent-header-meta":"","adv-header-id-meta":"","stick-header-meta":"","header-above-stick-meta":"","header-main-stick-meta":"","header-below-stick-meta":"","astra-migrate-meta-layouts":"default","ast-page-background-enabled":"default","ast-page-background-meta":{"desktop":{"background-color":"var(--ast-global-color-4)","background-image":"","background-repeat":"repeat","background-position":"center center","background-size":"auto","background-attachment":"scroll","background-type":"","background-media":"","overlay-type":"","overlay-color":"","overlay-opacity":"","overlay-gradient":""},"tablet":{"background-color":"","background-image":"","background-repeat":"repeat","background-position":"center center","background-size":"auto","background-attachment":"scroll","background-type":"","background-media":"","overlay-type":"","overlay-color":"","overlay-opacity":"","overlay-gradient":""},"mobile":{"background-color":"","background-image":"","background-repeat":"repeat","background-position":"center center","background-size":"auto","background-attachment":"scroll","background-type":"","background-media":"","overlay-type":"","overlay-color":"","overlay-opacity":"","overlay-gradient":""}},"ast-content-background-meta":{"desktop":{"background-color":"var(--ast-global-color-5)","background-image":"","background-repeat":"repeat","background-position":"center center","background-size":"auto","background-attachment":"scroll","background-type":"","background-media":"","overlay-type":"","overlay-color":"","overlay-opacity":"","overlay-gradient":""},"tablet":{"background-color":"var(--ast-global-color-5)","background-image":"","background-repeat":"repeat","background-position":"center center","background-size":"auto","background-attachment":"scroll","background-type":"","background-media":"","overlay-type":"","overlay-color":"","overlay-opacity":"","overlay-gradient":""},"mobile":{"background-color":"var(--ast-global-color-5)","background-image":"","background-repeat":"repeat","background-position":"center center","background-size":"auto","background-attachment":"scroll","background-type":"","background-media":"","overlay-type":"","overlay-color":"","overlay-opacity":"","overlay-gradient":""}},"footnotes":""},"class_list":["post-347","page","type-page","status-publish","hentry"],"_links":{"self":[{"href":"http:\/\/open-concept.fr\/index.php?rest_route=\/wp\/v2\/pages\/347","targetHints":{"allow":["GET"]}}],"collection":[{"href":"http:\/\/open-concept.fr\/index.php?rest_route=\/wp\/v2\/pages"}],"about":[{"href":"http:\/\/open-concept.fr\/index.php?rest_route=\/wp\/v2\/types\/page"}],"author":[{"embeddable":true,"href":"http:\/\/open-concept.fr\/index.php?rest_route=\/wp\/v2\/users\/1"}],"replies":[{"embeddable":true,"href":"http:\/\/open-concept.fr\/index.php?rest_route=%2Fwp%2Fv2%2Fcomments&post=347"}],"version-history":[{"count":14,"href":"http:\/\/open-concept.fr\/index.php?rest_route=\/wp\/v2\/pages\/347\/revisions"}],"predecessor-version":[{"id":1153,"href":"http:\/\/open-concept.fr\/index.php?rest_route=\/wp\/v2\/pages\/347\/revisions\/1153"}],"up":[{"embeddable":true,"href":"http:\/\/open-concept.fr\/index.php?rest_route=\/wp\/v2\/pages\/355"}],"wp:attachment":[{"href":"http:\/\/open-concept.fr\/index.php?rest_route=%2Fwp%2Fv2%2Fmedia&parent=347"}],"curies":[{"name":"wp","href":"https:\/\/api.w.org\/{rel}","templated":true}]}}