{"id":1094,"date":"2025-01-12T13:18:00","date_gmt":"2025-01-12T12:18:00","guid":{"rendered":"https:\/\/open-concept.fr\/?page_id=1094"},"modified":"2026-01-24T14:11:47","modified_gmt":"2026-01-24T13:11:47","slug":"nos-missions","status":"publish","type":"page","link":"https:\/\/open-concept.fr\/","title":{"rendered":"Nos Missions"},"content":{"rendered":"\n<blockquote class=\"wp-block-quote is-layout-flow wp-block-quote-is-layout-flow\" style=\"margin-right:0;margin-left:0\">\n<p class=\"has-ast-global-color-2-color has-text-color has-link-color has-medium-font-size wp-elements-ce0f1dcf93f803971f6b28eea25aaa01\">Dans tous les domaines technologiques et num\u00e9riques, OPEN CONCEPT \u00e9coute, analyse et propose des solutions.<br>Nous intervenons sur toutes les typologies d&rsquo;actifs : Bureaux, R\u00e9sidentiel, Commerces et Logistique, en apportant une r\u00e9ponse innovante et appropri\u00e9e.<\/p>\n<\/blockquote>\n\n\n\n<div class=\"wp-block-columns is-layout-flex wp-container-core-columns-is-layout-65eef5bf wp-block-columns-is-layout-flex\">\n<div class=\"wp-block-column is-layout-flow wp-block-column-is-layout-flow\" style=\"font-size:16px\">\n<figure class=\"wp-block-image size-full has-custom-border\"><img loading=\"lazy\" decoding=\"async\" width=\"2560\" height=\"1707\" src=\"https:\/\/open-concept.fr\/WordPress\/wp-content\/uploads\/2024\/01\/workshop-1-scaled.jpg\" alt=\"\" class=\"wp-image-513\" style=\"border-top-left-radius:20px;border-top-right-radius:20px;border-bottom-left-radius:20px;border-bottom-right-radius:20px;object-fit:cover\" srcset=\"https:\/\/open-concept.fr\/WordPress\/wp-content\/uploads\/2024\/01\/workshop-1-scaled.jpg 2560w, https:\/\/open-concept.fr\/WordPress\/wp-content\/uploads\/2024\/01\/workshop-1-300x200.jpg 300w, https:\/\/open-concept.fr\/WordPress\/wp-content\/uploads\/2024\/01\/workshop-1-1024x683.jpg 1024w, https:\/\/open-concept.fr\/WordPress\/wp-content\/uploads\/2024\/01\/workshop-1-768x512.jpg 768w, https:\/\/open-concept.fr\/WordPress\/wp-content\/uploads\/2024\/01\/workshop-1-1536x1024.jpg 1536w, https:\/\/open-concept.fr\/WordPress\/wp-content\/uploads\/2024\/01\/workshop-1-2048x1365.jpg 2048w\" sizes=\"auto, (max-width: 2560px) 100vw, 2560px\" \/><\/figure>\n\n\n\n<h2 class=\"wp-block-heading has-ast-global-color-0-color has-text-color has-link-color wp-elements-2646f3b13c6a4e64e047da9027625ecd\">Cr\u00e9ateur de solutions num\u00e9riques<\/h2>\n\n\n\n<blockquote class=\"wp-block-quote is-layout-flow wp-block-quote-is-layout-flow\">\n<p style=\"font-size:16px\"><em>La&nbsp;<\/em><strong><em>compr\u00e9hension du besoin<\/em><\/strong><em>&nbsp;est fondamentale dans tout projet de transformation immobili\u00e8re. C\u2019est pour cela que nous initions tout projet par l\u2019animation d\u2019un atelier permettant de conna\u00eetre les attentes en termes de services num\u00e9riques : sensibilisation, accompagnement au changement, synth\u00e8se permettant un arbitrage \u00e9clair\u00e9.<\/em><\/p>\n<\/blockquote>\n\n\n\n<p>A l\u2019\u00e9coute des besoins sp\u00e9cifiques aux diff\u00e9rents m\u00e9tiers, nous sommes en mesure de d\u00e9ployer des solutions permettant de rendre les&nbsp;<strong>espaces de travail innovants<\/strong>&nbsp;et adapt\u00e9s aux nouveaux usages.<\/p>\n\n\n\n<p>Architecte des espaces techniques,&nbsp;OPEN CONCEPT <strong>optimise et s\u00e9curise les outils IT<\/strong>&nbsp;en mettant en oeuvre des solutions Open source abordables et efficaces.<\/p>\n\n\n\n<p>Les contraintes \u00e9conomiques et le soucis de pr\u00e9server la plan\u00e8te sont au coeur de notre d\u00e9marche. La recherche syst\u00e9matique du r\u00e9emploi des \u00e9quipements existants garantit un <strong>num\u00e9rique \u00e0 faible empreinte carbone<\/strong>.<\/p>\n<\/div>\n\n\n\n<div class=\"wp-block-column is-layout-flow wp-block-column-is-layout-flow\" style=\"font-size:16px\">\n<figure class=\"wp-block-image size-full has-custom-border\"><img loading=\"lazy\" decoding=\"async\" width=\"1254\" height=\"836\" src=\"https:\/\/open-concept.fr\/WordPress\/wp-content\/uploads\/2025\/01\/smart_building-edited.png\" alt=\"\" class=\"wp-image-1115\" style=\"border-top-left-radius:20px;border-top-right-radius:20px;border-bottom-left-radius:20px;border-bottom-right-radius:20px\" srcset=\"https:\/\/open-concept.fr\/WordPress\/wp-content\/uploads\/2025\/01\/smart_building-edited.png 1254w, https:\/\/open-concept.fr\/WordPress\/wp-content\/uploads\/2025\/01\/smart_building-edited-300x200.png 300w, https:\/\/open-concept.fr\/WordPress\/wp-content\/uploads\/2025\/01\/smart_building-edited-1024x683.png 1024w, https:\/\/open-concept.fr\/WordPress\/wp-content\/uploads\/2025\/01\/smart_building-edited-768x512.png 768w\" sizes=\"auto, (max-width: 1254px) 100vw, 1254px\" \/><\/figure>\n\n\n\n<h2 class=\"wp-block-heading has-ast-global-color-0-color has-text-color has-link-color wp-elements-16aa153b515509a7a3bf3433098c0517\">AMO Smart Building<\/h2>\n\n\n\n<p>Aux c\u00f4t\u00e9s du Ma\u00eetre d\u2019Ouvrage, promoteur, fonci\u00e8re, grande entreprise utilisatrice, nous proposons de piloter le projet sous son angle num\u00e9rique afin de permettre son int\u00e9gration dans tous les lots architecturaux et techniques.<\/p>\n\n\n\n<p>Interlocuteur des parties prenantes dans toutes les phases du projet : conception, r\u00e9alisation, commissionnement et enfin exploitation. L\u2019<strong>AMO Smart<\/strong> est le <strong>partenaire indispensable<\/strong>. Il permet de s\u00e9curiser le calendrier du projet et optimiser les co\u00fbts d\u2019int\u00e9gration des syst\u00e8mes num\u00e9riques en les d\u00e9finissant au plus t\u00f4t.<\/p>\n\n\n\n<p>Facilitateur au sein de l\u2019\u00e9quipe projet gr\u00e2ce \u00e0 ses comp\u00e9tences transverses et une bonne communication, il va int\u00e9grer les standards informatiques et techniques propres \u00e0 chaque entreprise et ainsi garantir l&rsquo;int\u00e9gration des solutions aux syst\u00e8mes en place.<\/p>\n\n\n\n<div class=\"wp-block-buttons is-content-justification-center is-layout-flex wp-container-core-buttons-is-layout-a89b3969 wp-block-buttons-is-layout-flex\">\n<div class=\"wp-block-button is-style-fill\"><a class=\"wp-block-button__link has-ast-global-color-3-color has-ast-global-color-0-background-color has-text-color has-background has-link-color has-border-color has-custom-font-size wp-element-button\" href=\"https:\/\/open-concept.fr\/?page_id=355\" style=\"border-color:var(--ast-global-color-0);border-width:2px;border-top-left-radius:30px;border-top-right-radius:30px;border-bottom-left-radius:30px;border-bottom-right-radius:30px;font-size:20px;font-style:normal;font-weight:700\"><strong>Nos Expertises<\/strong><\/a><\/div>\n<\/div>\n<\/div>\n\n\n\n<div class=\"wp-block-column is-vertically-aligned-top is-layout-flow wp-block-column-is-layout-flow\" style=\"font-size:16px\">\n<figure class=\"wp-block-image size-full has-custom-border\"><img loading=\"lazy\" decoding=\"async\" width=\"2560\" height=\"1709\" src=\"http:\/\/open-concept.fr\/WordPress\/wp-content\/uploads\/2024\/01\/workshop-scaled.jpg\" alt=\"\" class=\"wp-image-474\" style=\"border-top-left-radius:20px;border-top-right-radius:20px;border-bottom-left-radius:20px;border-bottom-right-radius:20px;object-fit:cover\" srcset=\"https:\/\/open-concept.fr\/WordPress\/wp-content\/uploads\/2024\/01\/workshop-scaled.jpg 2560w, https:\/\/open-concept.fr\/WordPress\/wp-content\/uploads\/2024\/01\/workshop-300x200.jpg 300w, https:\/\/open-concept.fr\/WordPress\/wp-content\/uploads\/2024\/01\/workshop-1024x683.jpg 1024w, https:\/\/open-concept.fr\/WordPress\/wp-content\/uploads\/2024\/01\/workshop-768x513.jpg 768w, https:\/\/open-concept.fr\/WordPress\/wp-content\/uploads\/2024\/01\/workshop-1536x1025.jpg 1536w\" sizes=\"auto, (max-width: 2560px) 100vw, 2560px\" \/><\/figure>\n\n\n\n<h2 class=\"wp-block-heading has-ast-global-color-0-color has-text-color has-link-color wp-elements-35e3b294a40783c6bc6878070a6d99dc\">Audit &amp; Certification<\/h2>\n\n\n\n<p>Audit des b\u00e2timents et espaces de travail, OPEN CONCEPT vous aide \u00e0 d\u00e9cider et p\u00e9renniser vos investissements.<\/p>\n\n\n\n<blockquote class=\"wp-block-quote is-layout-flow wp-block-quote-is-layout-flow\" style=\"font-size:16px\">\n<p><em>Vous souhaitez aller plus loin ?<\/em><br><em>Nous sommes experts des principaux labels du Smart Building :<\/em> <strong><em>WiredScore Acredited Professionnal<\/em><\/strong><em>\u00a0(AP) et R\u00e9f\u00e9rent\u00a0<\/em><strong><em>R2S<\/em><\/strong><em>. Nous r\u00e9alisons aussi des pr\u00e9-audits express accompagn\u00e9s des budgets de certifications.<\/em><\/p>\n\n\n\n<p><strong>Innovation Influencer Award 2026 <\/strong>par Wiredscore, nous sommes reconnus pour la qualit\u00e9 de nos audits. N&rsquo;h\u00e9sitez pas \u00e0 nous contacter !<\/p>\n<\/blockquote>\n\n\n\n<div class=\"wp-block-buttons is-content-justification-center is-layout-flex wp-container-core-buttons-is-layout-a89b3969 wp-block-buttons-is-layout-flex\">\n<div class=\"wp-block-button is-style-fill\"><a class=\"wp-block-button__link has-ast-global-color-3-color has-ast-global-color-0-background-color has-text-color has-background has-link-color has-custom-font-size wp-element-button\" href=\"https:\/\/open-concept.fr\/?page_id=344\" style=\"border-style:none;border-width:0px;border-top-left-radius:30px;border-top-right-radius:30px;border-bottom-left-radius:30px;border-bottom-right-radius:30px;font-size:20px;font-style:normal;font-weight:700\"><strong>En savoir <\/strong>+<\/a><\/div>\n<\/div>\n<\/div>\n<\/div>\n\n\n\n<div class=\"wp-block-columns is-layout-flex wp-container-core-columns-is-layout-20bb992b wp-block-columns-is-layout-flex\" style=\"border-style:none;border-width:0px;margin-top:0;margin-bottom:0;padding-top:0;padding-right:0;padding-bottom:0;padding-left:0\">\n<div class=\"wp-block-column is-vertically-aligned-center has-ast-global-color-3-color has-ast-global-color-3-background-color has-text-color has-background has-link-color wp-elements-91a1e044f4d195afa2678c4222ca84e2 is-layout-flow wp-block-column-is-layout-flow\">\n<div class=\"wp-block-columns is-layout-flex wp-container-core-columns-is-layout-28f84493 wp-block-columns-is-layout-flex\">\n<div class=\"wp-block-column is-layout-flow wp-block-column-is-layout-flow\" style=\"flex-basis:100%\">\n<h2 class=\"wp-block-heading has-text-align-center has-ast-global-color-3-color has-ast-global-color-2-background-color has-text-color has-background has-link-color wp-elements-a33bc1fd72f88fb17e3453398578362b\" style=\"border-style:none;border-width:0px;border-radius:30px\">Pourquoi OPEN CONCEPT pour piloter votre projet ?<\/h2>\n<\/div>\n<\/div>\n<\/div>\n\n\n\n<div class=\"wp-block-column is-layout-flow wp-block-column-is-layout-flow\">\n<blockquote class=\"wp-block-quote is-layout-flow wp-block-quote-is-layout-flow\" style=\"font-size:16px\">\n<ul class=\"wp-block-list\">\n<li><strong>Exp\u00e9rience<\/strong> de plus de 20 ans en pilotage de projets dont certains embl\u00e9matiques<\/li>\n\n\n\n<li><strong>Taille humaine<\/strong> favorisant l\u2019\u00e9coute et la r\u00e9activit\u00e9<\/li>\n\n\n\n<li><strong>R\u00e9seau<\/strong> important et reconnu<\/li>\n\n\n\n<li><strong>Partenaires<\/strong> fiables et agiles<\/li>\n<\/ul>\n<\/blockquote>\n<\/div>\n<\/div>\n\n\n\n<p><\/p>\n","protected":false},"excerpt":{"rendered":"<p>Dans tous les domaines technologiques et num\u00e9riques, OPEN CONCEPT \u00e9coute, analyse et propose des solutions.Nous intervenons sur toutes les typologies [&hellip;]<\/p>\n","protected":false},"author":1,"featured_media":0,"parent":0,"menu_order":0,"comment_status":"closed","ping_status":"closed","template":"","meta":{"site-sidebar-layout":"default","site-content-layout":"","ast-site-content-layout":"default","site-content-style":"default","site-sidebar-style":"default","ast-global-header-display":"","ast-banner-title-visibility":"","ast-main-header-display":"","ast-hfb-above-header-display":"","ast-hfb-below-header-display":"","ast-hfb-mobile-header-display":"","site-post-title":"","ast-breadcrumbs-content":"","ast-featured-img":"","footer-sml-layout":"","ast-disable-related-posts":"","theme-transparent-header-meta":"","adv-header-id-meta":"","stick-header-meta":"","header-above-stick-meta":"","header-main-stick-meta":"","header-below-stick-meta":"","astra-migrate-meta-layouts":"default","ast-page-background-enabled":"default","ast-page-background-meta":{"desktop":{"background-color":"var(--ast-global-color-4)","background-image":"","background-repeat":"repeat","background-position":"center center","background-size":"auto","background-attachment":"scroll","background-type":"","background-media":"","overlay-type":"","overlay-color":"","overlay-opacity":"","overlay-gradient":""},"tablet":{"background-color":"","background-image":"","background-repeat":"repeat","background-position":"center center","background-size":"auto","background-attachment":"scroll","background-type":"","background-media":"","overlay-type":"","overlay-color":"","overlay-opacity":"","overlay-gradient":""},"mobile":{"background-color":"","background-image":"","background-repeat":"repeat","background-position":"center center","background-size":"auto","background-attachment":"scroll","background-type":"","background-media":"","overlay-type":"","overlay-color":"","overlay-opacity":"","overlay-gradient":""}},"ast-content-background-meta":{"desktop":{"background-color":"var(--ast-global-color-5)","background-image":"","background-repeat":"repeat","background-position":"center center","background-size":"auto","background-attachment":"scroll","background-type":"","background-media":"","overlay-type":"","overlay-color":"","overlay-opacity":"","overlay-gradient":""},"tablet":{"background-color":"var(--ast-global-color-5)","background-image":"","background-repeat":"repeat","background-position":"center center","background-size":"auto","background-attachment":"scroll","background-type":"","background-media":"","overlay-type":"","overlay-color":"","overlay-opacity":"","overlay-gradient":""},"mobile":{"background-color":"var(--ast-global-color-5)","background-image":"","background-repeat":"repeat","background-position":"center center","background-size":"auto","background-attachment":"scroll","background-type":"","background-media":"","overlay-type":"","overlay-color":"","overlay-opacity":"","overlay-gradient":""}},"footnotes":""},"class_list":["post-1094","page","type-page","status-publish","hentry"],"_links":{"self":[{"href":"https:\/\/open-concept.fr\/index.php?rest_route=\/wp\/v2\/pages\/1094","targetHints":{"allow":["GET"]}}],"collection":[{"href":"https:\/\/open-concept.fr\/index.php?rest_route=\/wp\/v2\/pages"}],"about":[{"href":"https:\/\/open-concept.fr\/index.php?rest_route=\/wp\/v2\/types\/page"}],"author":[{"embeddable":true,"href":"https:\/\/open-concept.fr\/index.php?rest_route=\/wp\/v2\/users\/1"}],"replies":[{"embeddable":true,"href":"https:\/\/open-concept.fr\/index.php?rest_route=%2Fwp%2Fv2%2Fcomments&post=1094"}],"version-history":[{"count":45,"href":"https:\/\/open-concept.fr\/index.php?rest_route=\/wp\/v2\/pages\/1094\/revisions"}],"predecessor-version":[{"id":1304,"href":"https:\/\/open-concept.fr\/index.php?rest_route=\/wp\/v2\/pages\/1094\/revisions\/1304"}],"wp:attachment":[{"href":"https:\/\/open-concept.fr\/index.php?rest_route=%2Fwp%2Fv2%2Fmedia&parent=1094"}],"curies":[{"name":"wp","href":"https:\/\/api.w.org\/{rel}","templated":true}]}}