{"id":204,"date":"2016-12-29T19:12:37","date_gmt":"2016-12-29T18:12:37","guid":{"rendered":"http:\/\/open-concept.fr\/?page_id=204"},"modified":"2025-05-08T17:54:50","modified_gmt":"2025-05-08T16:54:50","slug":"datacenter-2","status":"publish","type":"page","link":"https:\/\/open-concept.fr\/?page_id=204","title":{"rendered":"Smart Workplace"},"content":{"rendered":"\n<h2 class=\"wp-block-heading has-ast-global-color-0-color has-text-color has-link-color wp-elements-b6bf30bb8f0e07c70bb82d61a8bcca6a\">IoT &#8211; Internet of Things<\/h2>\n\n\n\n<p>Nous vous proposons de cr\u00e9er des <strong>espaces intelligents<\/strong> gr\u00e2ce \u00e0 la mise en place de capteurs de l&rsquo;Internet des Objets <\/p>\n\n\n\n<div class=\"wp-block-media-text is-stacked-on-mobile\" style=\"margin-bottom:var(--wp--preset--spacing--50);grid-template-columns:40% auto\"><figure class=\"wp-block-media-text__media\"><video controls src=\"https:\/\/open-concept.fr\/WordPress\/wp-content\/uploads\/2025\/01\/eversmart.mp4\"><\/video><\/figure><div class=\"wp-block-media-text__content\">\n<blockquote class=\"wp-block-quote is-layout-flow wp-block-quote-is-layout-flow\" style=\"font-size:16px\">\n<p>Notre offre <strong>EverSmart <\/strong>d\u00e9ploie des capteurs de l&rsquo;Internet des Objets sur un r\u00e9seau LoRaWAN s\u00e9curis\u00e9 :<\/p>\n\n\n\n<ul class=\"wp-block-list\">\n<li>Pilotage de l&rsquo;occupation : optimisation des surfaces<\/li>\n\n\n\n<li>Mesure de la qualit\u00e9 de l&rsquo;air : exp\u00e9rience utilisateur<\/li>\n\n\n\n<li>Sobri\u00e9t\u00e9 \u00e9nerg\u00e9tique : \u00e9conomie et faible empreinte carbone<\/li>\n\n\n\n<li>Optimisation du nettoyage : optimisation des charges<\/li>\n\n\n\n<li>Lutte contre les rongeurs : limitation des interventions 3D<\/li>\n<\/ul>\n<\/blockquote>\n<\/div><\/div>\n\n\n\n<h2 class=\"wp-block-heading has-ast-global-color-0-color has-text-color has-link-color wp-elements-2a233a47ad0d17c09555d54590650ec3\">Multim\u00e9dia<\/h2>\n\n\n\n<p>Les solutions <strong>Audio &amp; Vid\u00e9o<\/strong>  de derni\u00e8re g\u00e9n\u00e9ration sont au coeur de la conception d&rsquo;espaces de r\u00e9union ou collaboratifs intuitifs utilisant les derni\u00e8res technologies et int\u00e9rop\u00e9rables avec les autres syst\u00e8mes num\u00e9riques.<\/p>\n\n\n\n<div class=\"wp-block-media-text has-media-on-the-right is-stacked-on-mobile\" style=\"grid-template-columns:auto 40%\"><div class=\"wp-block-media-text__content\">\n<blockquote class=\"wp-block-quote is-layout-flow wp-block-quote-is-layout-flow\" style=\"font-size:16px\">\n<p><strong>Salle de r\u00e9union hybride<\/strong> laissant une totale libert\u00e9 d&rsquo;usage. Son interface tactile hyper intuitive permet d&rsquo;optimiser le temps d&rsquo;apprentissage et dope la cr\u00e9ativit\u00e9 :<\/p>\n\n\n\n<ul class=\"wp-block-list\">\n<li>Visioconf\u00e9rence<\/li>\n\n\n\n<li>Partage de m\u00e9dias avec ou sans fil sur 1 \u00e0 3 \u00e9crans g\u00e9ants<\/li>\n\n\n\n<li>Paperboard<\/li>\n\n\n\n<li>Projection TV<\/li>\n\n\n\n<li>Studio int\u00e9grant streaming et recording<\/li>\n<\/ul>\n<\/blockquote>\n<\/div><figure class=\"wp-block-media-text__media\"><img loading=\"lazy\" decoding=\"async\" width=\"1024\" height=\"576\" src=\"http:\/\/open-concept.fr\/WordPress\/wp-content\/uploads\/2025\/05\/odyssee-1024x576.png\" alt=\"\" class=\"wp-image-1241 size-full\" srcset=\"https:\/\/open-concept.fr\/WordPress\/wp-content\/uploads\/2025\/05\/odyssee-1024x576.png 1024w, https:\/\/open-concept.fr\/WordPress\/wp-content\/uploads\/2025\/05\/odyssee-300x169.png 300w, https:\/\/open-concept.fr\/WordPress\/wp-content\/uploads\/2025\/05\/odyssee-768x432.png 768w, https:\/\/open-concept.fr\/WordPress\/wp-content\/uploads\/2025\/05\/odyssee-1536x864.png 1536w, https:\/\/open-concept.fr\/WordPress\/wp-content\/uploads\/2025\/05\/odyssee-2048x1152.png 2048w\" sizes=\"auto, (max-width: 1024px) 100vw, 1024px\" \/><\/figure><\/div>\n\n\n\n<div class=\"wp-block-media-text is-stacked-on-mobile\" style=\"grid-template-columns:40% auto\"><figure class=\"wp-block-media-text__media\"><img loading=\"lazy\" decoding=\"async\" width=\"754\" height=\"502\" src=\"https:\/\/open-concept.fr\/WordPress\/wp-content\/uploads\/2024\/01\/cegid.png\" alt=\"\" class=\"wp-image-501 size-full\" srcset=\"https:\/\/open-concept.fr\/WordPress\/wp-content\/uploads\/2024\/01\/cegid.png 754w, https:\/\/open-concept.fr\/WordPress\/wp-content\/uploads\/2024\/01\/cegid-300x200.png 300w\" sizes=\"auto, (max-width: 754px) 100vw, 754px\" \/><\/figure><div class=\"wp-block-media-text__content\">\n<blockquote class=\"wp-block-quote is-layout-flow wp-block-quote-is-layout-flow\" style=\"font-size:16px\">\n<p><strong>Mur d&rsquo;images d\u00e9structur\u00e9 <\/strong>pour un hall d&rsquo;accueil innovant :<\/p>\n\n\n\n<ul class=\"wp-block-list\">\n<li>64 \u00e9crans pilot\u00e9s<\/li>\n\n\n\n<li>Animations programm\u00e9es<\/li>\n\n\n\n<li>Vid\u00e9os<\/li>\n<\/ul>\n<\/blockquote>\n<\/div><\/div>\n\n\n\n<p><\/p>\n","protected":false},"excerpt":{"rendered":"<p>IoT &#8211; Internet of Things Nous vous proposons de cr\u00e9er des espaces intelligents gr\u00e2ce \u00e0 la mise en place de [&hellip;]<\/p>\n","protected":false},"author":1,"featured_media":0,"parent":355,"menu_order":5,"comment_status":"closed","ping_status":"closed","template":"","meta":{"site-sidebar-layout":"default","site-content-layout":"","ast-site-content-layout":"default","site-content-style":"default","site-sidebar-style":"default","ast-global-header-display":"","ast-banner-title-visibility":"","ast-main-header-display":"","ast-hfb-above-header-display":"","ast-hfb-below-header-display":"","ast-hfb-mobile-header-display":"","site-post-title":"","ast-breadcrumbs-content":"","ast-featured-img":"","footer-sml-layout":"","ast-disable-related-posts":"","theme-transparent-header-meta":"","adv-header-id-meta":"","stick-header-meta":"","header-above-stick-meta":"","header-main-stick-meta":"","header-below-stick-meta":"","astra-migrate-meta-layouts":"default","ast-page-background-enabled":"default","ast-page-background-meta":{"desktop":{"background-color":"var(--ast-global-color-4)","background-image":"","background-repeat":"repeat","background-position":"center center","background-size":"auto","background-attachment":"scroll","background-type":"","background-media":"","overlay-type":"","overlay-color":"","overlay-opacity":"","overlay-gradient":""},"tablet":{"background-color":"","background-image":"","background-repeat":"repeat","background-position":"center center","background-size":"auto","background-attachment":"scroll","background-type":"","background-media":"","overlay-type":"","overlay-color":"","overlay-opacity":"","overlay-gradient":""},"mobile":{"background-color":"","background-image":"","background-repeat":"repeat","background-position":"center center","background-size":"auto","background-attachment":"scroll","background-type":"","background-media":"","overlay-type":"","overlay-color":"","overlay-opacity":"","overlay-gradient":""}},"ast-content-background-meta":{"desktop":{"background-color":"var(--ast-global-color-5)","background-image":"","background-repeat":"repeat","background-position":"center center","background-size":"auto","background-attachment":"scroll","background-type":"","background-media":"","overlay-type":"","overlay-color":"","overlay-opacity":"","overlay-gradient":""},"tablet":{"background-color":"var(--ast-global-color-5)","background-image":"","background-repeat":"repeat","background-position":"center center","background-size":"auto","background-attachment":"scroll","background-type":"","background-media":"","overlay-type":"","overlay-color":"","overlay-opacity":"","overlay-gradient":""},"mobile":{"background-color":"var(--ast-global-color-5)","background-image":"","background-repeat":"repeat","background-position":"center center","background-size":"auto","background-attachment":"scroll","background-type":"","background-media":"","overlay-type":"","overlay-color":"","overlay-opacity":"","overlay-gradient":""}},"footnotes":""},"class_list":["post-204","page","type-page","status-publish","hentry"],"_links":{"self":[{"href":"https:\/\/open-concept.fr\/index.php?rest_route=\/wp\/v2\/pages\/204","targetHints":{"allow":["GET"]}}],"collection":[{"href":"https:\/\/open-concept.fr\/index.php?rest_route=\/wp\/v2\/pages"}],"about":[{"href":"https:\/\/open-concept.fr\/index.php?rest_route=\/wp\/v2\/types\/page"}],"author":[{"embeddable":true,"href":"https:\/\/open-concept.fr\/index.php?rest_route=\/wp\/v2\/users\/1"}],"replies":[{"embeddable":true,"href":"https:\/\/open-concept.fr\/index.php?rest_route=%2Fwp%2Fv2%2Fcomments&post=204"}],"version-history":[{"count":17,"href":"https:\/\/open-concept.fr\/index.php?rest_route=\/wp\/v2\/pages\/204\/revisions"}],"predecessor-version":[{"id":1252,"href":"https:\/\/open-concept.fr\/index.php?rest_route=\/wp\/v2\/pages\/204\/revisions\/1252"}],"up":[{"embeddable":true,"href":"https:\/\/open-concept.fr\/index.php?rest_route=\/wp\/v2\/pages\/355"}],"wp:attachment":[{"href":"https:\/\/open-concept.fr\/index.php?rest_route=%2Fwp%2Fv2%2Fmedia&parent=204"}],"curies":[{"name":"wp","href":"https:\/\/api.w.org\/{rel}","templated":true}]}}