{"id":210,"date":"2016-12-29T19:17:58","date_gmt":"2016-12-29T18:17:58","guid":{"rendered":"http:\/\/open-concept.fr\/?page_id=210"},"modified":"2025-01-13T19:33:37","modified_gmt":"2025-01-13T18:33:37","slug":"supervision","status":"publish","type":"page","link":"https:\/\/open-concept.fr\/?page_id=210","title":{"rendered":"Supervision &#038; GTB"},"content":{"rendered":"\n<h2 class=\"wp-block-heading has-ast-global-color-0-color has-text-color has-link-color wp-elements-ec117ba7661232e62d95f67a2121d052\">Smart hypervision<\/h2>\n\n\n\n<p>La multiplication des syst\u00e8mes techniques propri\u00e9taires, imposent de d\u00e9ployer des outils propri\u00e9taires et d\u00e9di\u00e9s \u00e0 une unit\u00e9 op\u00e9rationnelle. Ainsi, il est souvent difficile d&rsquo;appr\u00e9hender les \u00e9quipements vitaux dans leur globalit\u00e9 afin de limiter les risques de panne.<\/p>\n\n\n\n<div class=\"wp-block-media-text is-stacked-on-mobile\" style=\"margin-bottom:var(--wp--preset--spacing--50);grid-template-columns:40% auto\"><figure class=\"wp-block-media-text__media\"><img loading=\"lazy\" decoding=\"async\" width=\"1024\" height=\"678\" src=\"https:\/\/open-concept.fr\/WordPress\/wp-content\/uploads\/2024\/01\/ecran-controle-1024x678.jpg\" alt=\"\" class=\"wp-image-413 size-full\" srcset=\"https:\/\/open-concept.fr\/WordPress\/wp-content\/uploads\/2024\/01\/ecran-controle-1024x678.jpg 1024w, https:\/\/open-concept.fr\/WordPress\/wp-content\/uploads\/2024\/01\/ecran-controle-300x199.jpg 300w, https:\/\/open-concept.fr\/WordPress\/wp-content\/uploads\/2024\/01\/ecran-controle-768x509.jpg 768w, https:\/\/open-concept.fr\/WordPress\/wp-content\/uploads\/2024\/01\/ecran-controle-1536x1017.jpg 1536w, https:\/\/open-concept.fr\/WordPress\/wp-content\/uploads\/2024\/01\/ecran-controle-2048x1356.jpg 2048w\" sizes=\"auto, (max-width: 1024px) 100vw, 1024px\" \/><\/figure><div class=\"wp-block-media-text__content\">\n<blockquote class=\"wp-block-quote is-layout-flow wp-block-quote-is-layout-flow\" style=\"font-size:16px\">\n<p>Nous proposons de mettre en oeuvre une <strong>hypervision<\/strong> qui a pour vocation de superviser l&rsquo;ensemble des lots techniques :<\/p>\n\n\n\n<ul class=\"wp-block-list\">\n<li>Equipements techniques regroup\u00e9s par famille (GTB, S\u00fbret\u00e9, IT)<\/li>\n\n\n\n<li>Etats en temps r\u00e9el<\/li>\n\n\n\n<li>Gestion des seuils d&rsquo;alarme (warning\/critical)<\/li>\n\n\n\n<li>Liste des destinataires des alarmes par lot<\/li>\n\n\n\n<li>Notifications par email<\/li>\n\n\n\n<li>Gestion du protocole SNMP<\/li>\n\n\n\n<li>Int\u00e9gration de nombreux \u00e9quipements (onduleurs, sondes, alimentations)<\/li>\n<\/ul>\n<\/blockquote>\n<\/div><\/div>\n\n\n\n<h2 class=\"wp-block-heading has-ast-global-color-0-color has-text-color has-link-color wp-elements-87d6d98c4cfeb9a61ca31817e548c914\">Gestion Technique du B\u00e2timent<\/h2>\n\n\n\n<p>Les <strong>d\u00e9crets tertiaire et BACS <\/strong>nous obligent \u00e0 revoir nos syst\u00e8mes de pilotage des installations techniques afin d&rsquo;en optimiser le fonctionnement et atteindre les objectifs en terme de <strong>sobri\u00e9t\u00e9 \u00e9nerg\u00e9tique<\/strong>.<br>Soucieux de d\u00e9ployer des <strong>solutions \u00e0 tr\u00e8s faible empreinte carbone<\/strong>, notre connaissance d&rsquo;un tr\u00e8s grand nombre de solutions de GTB, nous permet dans la majorit\u00e9 des cas de d\u00e9ployer des compl\u00e9ment \u00e0 l&rsquo;existant permettant de \u00ab\u00a0faire le job\u00a0\u00bb.<\/p>\n\n\n\n<div class=\"wp-block-media-text has-media-on-the-right is-stacked-on-mobile\" style=\"grid-template-columns:auto 40%\"><div class=\"wp-block-media-text__content\">\n<blockquote class=\"wp-block-quote is-layout-flow wp-block-quote-is-layout-flow\" style=\"font-size:16px\">\n<p>Dans la majorit\u00e9 des cas le <strong>retour sur investissement<\/strong> est faible et les objectifs en termes de <strong>sobri\u00e9t\u00e9 \u00e9nerg\u00e9tiques<\/strong> d\u00e9pass\u00e9s.<br>Ajout de capteurs IoT ou d\u00e9veloppement de pilotes de communication sont des exemples \u00e9vitant de remplacer un syst\u00e8me et limiter ainsi les investissements. Partenaires de solutions tr\u00e8s r\u00e9pandues comme Schneider Electric et Distech Control.<\/p>\n<\/blockquote>\n<\/div><figure class=\"wp-block-media-text__media\"><img loading=\"lazy\" decoding=\"async\" width=\"1024\" height=\"737\" src=\"http:\/\/open-concept.fr\/WordPress\/wp-content\/uploads\/2024\/01\/gtb-1024x737.jpg\" alt=\"\" class=\"wp-image-461 size-full\" srcset=\"https:\/\/open-concept.fr\/WordPress\/wp-content\/uploads\/2024\/01\/gtb-1024x737.jpg 1024w, https:\/\/open-concept.fr\/WordPress\/wp-content\/uploads\/2024\/01\/gtb-300x216.jpg 300w, https:\/\/open-concept.fr\/WordPress\/wp-content\/uploads\/2024\/01\/gtb-768x553.jpg 768w, https:\/\/open-concept.fr\/WordPress\/wp-content\/uploads\/2024\/01\/gtb-1536x1105.jpg 1536w, https:\/\/open-concept.fr\/WordPress\/wp-content\/uploads\/2024\/01\/gtb-2048x1474.jpg 2048w\" sizes=\"auto, (max-width: 1024px) 100vw, 1024px\" \/><\/figure><\/div>\n\n\n\n<p><\/p>\n\n\n\n<p><\/p>\n","protected":false},"excerpt":{"rendered":"<p>Smart hypervision La multiplication des syst\u00e8mes techniques propri\u00e9taires, imposent de d\u00e9ployer des outils propri\u00e9taires et d\u00e9di\u00e9s \u00e0 une unit\u00e9 op\u00e9rationnelle. [&hellip;]<\/p>\n","protected":false},"author":1,"featured_media":0,"parent":355,"menu_order":3,"comment_status":"closed","ping_status":"closed","template":"","meta":{"site-sidebar-layout":"default","site-content-layout":"","ast-site-content-layout":"default","site-content-style":"default","site-sidebar-style":"default","ast-global-header-display":"","ast-banner-title-visibility":"","ast-main-header-display":"","ast-hfb-above-header-display":"","ast-hfb-below-header-display":"","ast-hfb-mobile-header-display":"","site-post-title":"","ast-breadcrumbs-content":"","ast-featured-img":"","footer-sml-layout":"","ast-disable-related-posts":"","theme-transparent-header-meta":"","adv-header-id-meta":"","stick-header-meta":"","header-above-stick-meta":"","header-main-stick-meta":"","header-below-stick-meta":"","astra-migrate-meta-layouts":"default","ast-page-background-enabled":"default","ast-page-background-meta":{"desktop":{"background-color":"var(--ast-global-color-4)","background-image":"","background-repeat":"repeat","background-position":"center center","background-size":"auto","background-attachment":"scroll","background-type":"","background-media":"","overlay-type":"","overlay-color":"","overlay-opacity":"","overlay-gradient":""},"tablet":{"background-color":"","background-image":"","background-repeat":"repeat","background-position":"center center","background-size":"auto","background-attachment":"scroll","background-type":"","background-media":"","overlay-type":"","overlay-color":"","overlay-opacity":"","overlay-gradient":""},"mobile":{"background-color":"","background-image":"","background-repeat":"repeat","background-position":"center center","background-size":"auto","background-attachment":"scroll","background-type":"","background-media":"","overlay-type":"","overlay-color":"","overlay-opacity":"","overlay-gradient":""}},"ast-content-background-meta":{"desktop":{"background-color":"var(--ast-global-color-5)","background-image":"","background-repeat":"repeat","background-position":"center center","background-size":"auto","background-attachment":"scroll","background-type":"","background-media":"","overlay-type":"","overlay-color":"","overlay-opacity":"","overlay-gradient":""},"tablet":{"background-color":"var(--ast-global-color-5)","background-image":"","background-repeat":"repeat","background-position":"center center","background-size":"auto","background-attachment":"scroll","background-type":"","background-media":"","overlay-type":"","overlay-color":"","overlay-opacity":"","overlay-gradient":""},"mobile":{"background-color":"var(--ast-global-color-5)","background-image":"","background-repeat":"repeat","background-position":"center center","background-size":"auto","background-attachment":"scroll","background-type":"","background-media":"","overlay-type":"","overlay-color":"","overlay-opacity":"","overlay-gradient":""}},"footnotes":""},"class_list":["post-210","page","type-page","status-publish","hentry"],"_links":{"self":[{"href":"https:\/\/open-concept.fr\/index.php?rest_route=\/wp\/v2\/pages\/210","targetHints":{"allow":["GET"]}}],"collection":[{"href":"https:\/\/open-concept.fr\/index.php?rest_route=\/wp\/v2\/pages"}],"about":[{"href":"https:\/\/open-concept.fr\/index.php?rest_route=\/wp\/v2\/types\/page"}],"author":[{"embeddable":true,"href":"https:\/\/open-concept.fr\/index.php?rest_route=\/wp\/v2\/users\/1"}],"replies":[{"embeddable":true,"href":"https:\/\/open-concept.fr\/index.php?rest_route=%2Fwp%2Fv2%2Fcomments&post=210"}],"version-history":[{"count":19,"href":"https:\/\/open-concept.fr\/index.php?rest_route=\/wp\/v2\/pages\/210\/revisions"}],"predecessor-version":[{"id":1149,"href":"https:\/\/open-concept.fr\/index.php?rest_route=\/wp\/v2\/pages\/210\/revisions\/1149"}],"up":[{"embeddable":true,"href":"https:\/\/open-concept.fr\/index.php?rest_route=\/wp\/v2\/pages\/355"}],"wp:attachment":[{"href":"https:\/\/open-concept.fr\/index.php?rest_route=%2Fwp%2Fv2%2Fmedia&parent=210"}],"curies":[{"name":"wp","href":"https:\/\/api.w.org\/{rel}","templated":true}]}}