{"id":344,"date":"2024-01-20T12:16:16","date_gmt":"2024-01-20T11:16:16","guid":{"rendered":"https:\/\/open-concept.fr\/?page_id=344"},"modified":"2025-01-13T19:34:09","modified_gmt":"2025-01-13T18:34:09","slug":"audit-certification","status":"publish","type":"page","link":"https:\/\/open-concept.fr\/?page_id=344","title":{"rendered":"Audit &amp; Certification"},"content":{"rendered":"\n<h2 class=\"wp-block-heading has-ast-global-color-0-color has-text-color has-link-color wp-elements-4d0607679496e4a6d34b5c1bb87aa519\">DigitalScore<\/h2>\n\n\n\n<p>Nous proposons de d\u00e9ployer un audit complet du b\u00e2timent non certifiant et permettant de disposer d&rsquo;une vision globale \u00e0 moindre co\u00fbt. Le b\u00e2timent est audit\u00e9 en s&rsquo;appuyant sur <strong>3 leviers digitaux <\/strong>:<\/p>\n\n\n\n<ul class=\"wp-block-list\">\n<li><strong>Connectivit\u00e9<\/strong>, qui reprend les crit\u00e8res fondamentaux de la certification WiredScore<\/li>\n\n\n\n<li><strong>Suret\u00e9<\/strong>\n<ul class=\"wp-block-list\">\n<li>Physique : Contr\u00f4le d&rsquo;acc\u00e8s et vid\u00e9oprotection<\/li>\n\n\n\n<li>Donn\u00e9es : Cybers\u00e9curit\u00e9<\/li>\n<\/ul>\n<\/li>\n\n\n\n<li><strong>Pilotage<\/strong>\n<ul class=\"wp-block-list\">\n<li>Gestion Technique du B\u00e2timent<\/li>\n\n\n\n<li>Donn\u00e9es : Bases de donn\u00e9es entrant des les processus d&rsquo;optimisation<\/li>\n<\/ul>\n<\/li>\n<\/ul>\n\n\n\n<div class=\"wp-block-media-text is-stacked-on-mobile\" style=\"margin-bottom:0;grid-template-columns:40% auto\"><figure class=\"wp-block-media-text__media\"><img loading=\"lazy\" decoding=\"async\" width=\"1024\" height=\"683\" src=\"http:\/\/open-concept.fr\/WordPress\/wp-content\/uploads\/2024\/01\/workshop-1024x683.jpg\" alt=\"\" class=\"wp-image-474 size-full\" srcset=\"https:\/\/open-concept.fr\/WordPress\/wp-content\/uploads\/2024\/01\/workshop-1024x683.jpg 1024w, https:\/\/open-concept.fr\/WordPress\/wp-content\/uploads\/2024\/01\/workshop-300x200.jpg 300w, https:\/\/open-concept.fr\/WordPress\/wp-content\/uploads\/2024\/01\/workshop-768x513.jpg 768w, https:\/\/open-concept.fr\/WordPress\/wp-content\/uploads\/2024\/01\/workshop-1536x1025.jpg 1536w\" sizes=\"auto, (max-width: 1024px) 100vw, 1024px\" \/><\/figure><div class=\"wp-block-media-text__content\">\n<blockquote class=\"wp-block-quote is-layout-flow wp-block-quote-is-layout-flow\" style=\"font-size:16px\">\n<p>Cette mission est de courte dur\u00e9e et donc \u00e9conomique. Elle se r\u00e9alise en g\u00e9n\u00e9ral sur 3 \u00e0 5 jours et s&rsquo;articule en 3 \u00e9tapes :<\/p>\n\n\n\n<ul class=\"wp-block-list\">\n<li><strong>Recueil des informations <\/strong>: Entretien avec les gestionnaires et recueil des documents<\/li>\n\n\n\n<li><strong>Scoring<\/strong> \u00e0 l&rsquo;aide de l&rsquo;application mobile d\u00e9di\u00e9e<\/li>\n\n\n\n<li><strong>Pr\u00e9sentation<\/strong> du rapport d\u00e9taill\u00e9 lors d&rsquo;une r\u00e9union de restitution incluse<\/li>\n<\/ul>\n\n\n\n<p>A l&rsquo;issue de cette mission de base et en fonction du positionnement de l&rsquo;actif dans le <strong>benchmark des Smart Buildings <\/strong>de r\u00e9f\u00e9rence, nous pouvons poursuivre la mission en proposant de d\u00e9ployer des am\u00e9liorations en fonction des arbitrages du client.<\/p>\n<\/blockquote>\n<\/div><\/div>\n\n\n\n<h2 class=\"wp-block-heading has-ast-global-color-0-color has-text-color has-link-color wp-elements-7900239bd116f0554e6b2a54a387387f\">Certifications<\/h2>\n\n\n\n<p>Destin\u00e9e principalement aux <strong>promoteurs et investisseurs<\/strong>, cette prestation permet au b\u00e2timent audit\u00e9 de disposer d&rsquo;une meilleure visibilit\u00e9 dans un march\u00e9 concurrentiel parfois tendu. En fonction des objectifs de chaque client, OPEN CONCEPT vous conseillera sur la certification la plus adapt\u00e9e \u00e0 votre projet immobilier.<\/p>\n\n\n\n<div class=\"wp-block-media-text has-media-on-the-right is-stacked-on-mobile\" style=\"grid-template-columns:auto 40%\"><div class=\"wp-block-media-text__content\">\n<blockquote class=\"wp-block-quote is-layout-flow wp-block-quote-is-layout-flow\" style=\"font-size:16px\">\n<p><strong>OPEN CONCEPT<\/strong> est <strong>AP (Accredited Professional) WiredScore<\/strong> et <strong>SmartScore<\/strong>. A ce titre et fort de son exp\u00e9rience, pourra vous accompagner vers l&rsquo;obtention du niveau le plus \u00e9lev\u00e9, valoriser et suivre les d\u00e9ploiements n\u00e9cessaires \u00e0 son obtention :<\/p>\n\n\n\n<ul class=\"wp-block-list\">\n<li><strong>WiredScore<\/strong> est bas\u00e9e sur la connectivit\u00e9 du b\u00e2timent<\/li>\n\n\n\n<li><strong>SmartScore <\/strong>est bas\u00e9e sur les services offerts aux utilisateurs<\/li>\n<\/ul>\n<\/blockquote>\n<\/div><figure class=\"wp-block-media-text__media\"><img loading=\"lazy\" decoding=\"async\" width=\"379\" height=\"220\" src=\"http:\/\/open-concept.fr\/WordPress\/wp-content\/uploads\/2024\/01\/wiredscoreap-e1735991925456.png\" alt=\"\" class=\"wp-image-508 size-full\" srcset=\"https:\/\/open-concept.fr\/WordPress\/wp-content\/uploads\/2024\/01\/wiredscoreap-e1735991925456.png 379w, https:\/\/open-concept.fr\/WordPress\/wp-content\/uploads\/2024\/01\/wiredscoreap-e1735991925456-300x174.png 300w\" sizes=\"auto, (max-width: 379px) 100vw, 379px\" \/><\/figure><\/div>\n\n\n\n<p><\/p>\n","protected":false},"excerpt":{"rendered":"<p>DigitalScore Nous proposons de d\u00e9ployer un audit complet du b\u00e2timent non certifiant et permettant de disposer d&rsquo;une vision globale \u00e0 [&hellip;]<\/p>\n","protected":false},"author":1,"featured_media":0,"parent":355,"menu_order":4,"comment_status":"closed","ping_status":"closed","template":"","meta":{"site-sidebar-layout":"default","site-content-layout":"","ast-site-content-layout":"default","site-content-style":"default","site-sidebar-style":"default","ast-global-header-display":"","ast-banner-title-visibility":"","ast-main-header-display":"","ast-hfb-above-header-display":"","ast-hfb-below-header-display":"","ast-hfb-mobile-header-display":"","site-post-title":"","ast-breadcrumbs-content":"","ast-featured-img":"","footer-sml-layout":"","ast-disable-related-posts":"","theme-transparent-header-meta":"","adv-header-id-meta":"","stick-header-meta":"","header-above-stick-meta":"","header-main-stick-meta":"","header-below-stick-meta":"","astra-migrate-meta-layouts":"default","ast-page-background-enabled":"default","ast-page-background-meta":{"desktop":{"background-color":"var(--ast-global-color-4)","background-image":"","background-repeat":"repeat","background-position":"center center","background-size":"auto","background-attachment":"scroll","background-type":"","background-media":"","overlay-type":"","overlay-color":"","overlay-opacity":"","overlay-gradient":""},"tablet":{"background-color":"","background-image":"","background-repeat":"repeat","background-position":"center center","background-size":"auto","background-attachment":"scroll","background-type":"","background-media":"","overlay-type":"","overlay-color":"","overlay-opacity":"","overlay-gradient":""},"mobile":{"background-color":"","background-image":"","background-repeat":"repeat","background-position":"center center","background-size":"auto","background-attachment":"scroll","background-type":"","background-media":"","overlay-type":"","overlay-color":"","overlay-opacity":"","overlay-gradient":""}},"ast-content-background-meta":{"desktop":{"background-color":"var(--ast-global-color-5)","background-image":"","background-repeat":"repeat","background-position":"center center","background-size":"auto","background-attachment":"scroll","background-type":"","background-media":"","overlay-type":"","overlay-color":"","overlay-opacity":"","overlay-gradient":""},"tablet":{"background-color":"var(--ast-global-color-5)","background-image":"","background-repeat":"repeat","background-position":"center center","background-size":"auto","background-attachment":"scroll","background-type":"","background-media":"","overlay-type":"","overlay-color":"","overlay-opacity":"","overlay-gradient":""},"mobile":{"background-color":"var(--ast-global-color-5)","background-image":"","background-repeat":"repeat","background-position":"center center","background-size":"auto","background-attachment":"scroll","background-type":"","background-media":"","overlay-type":"","overlay-color":"","overlay-opacity":"","overlay-gradient":""}},"footnotes":""},"class_list":["post-344","page","type-page","status-publish","hentry"],"_links":{"self":[{"href":"https:\/\/open-concept.fr\/index.php?rest_route=\/wp\/v2\/pages\/344","targetHints":{"allow":["GET"]}}],"collection":[{"href":"https:\/\/open-concept.fr\/index.php?rest_route=\/wp\/v2\/pages"}],"about":[{"href":"https:\/\/open-concept.fr\/index.php?rest_route=\/wp\/v2\/types\/page"}],"author":[{"embeddable":true,"href":"https:\/\/open-concept.fr\/index.php?rest_route=\/wp\/v2\/users\/1"}],"replies":[{"embeddable":true,"href":"https:\/\/open-concept.fr\/index.php?rest_route=%2Fwp%2Fv2%2Fcomments&post=344"}],"version-history":[{"count":21,"href":"https:\/\/open-concept.fr\/index.php?rest_route=\/wp\/v2\/pages\/344\/revisions"}],"predecessor-version":[{"id":1150,"href":"https:\/\/open-concept.fr\/index.php?rest_route=\/wp\/v2\/pages\/344\/revisions\/1150"}],"up":[{"embeddable":true,"href":"https:\/\/open-concept.fr\/index.php?rest_route=\/wp\/v2\/pages\/355"}],"wp:attachment":[{"href":"https:\/\/open-concept.fr\/index.php?rest_route=%2Fwp%2Fv2%2Fmedia&parent=344"}],"curies":[{"name":"wp","href":"https:\/\/api.w.org\/{rel}","templated":true}]}}