{"id":71,"date":"2010-02-07T21:58:19","date_gmt":"2010-02-07T20:58:19","guid":{"rendered":"http:\/\/open-concept.fr\/WordPress\/?page_id=71"},"modified":"2026-01-30T14:33:19","modified_gmt":"2026-01-30T13:33:19","slug":"network","status":"publish","type":"page","link":"https:\/\/open-concept.fr\/?page_id=71","title":{"rendered":"R\u00e9seaux"},"content":{"rendered":"\n<p>La mise en oeuvre d&rsquo;un r\u00e9seau Smart Building ou d&rsquo;un <strong>Building Information System (BIS)<\/strong> permet de f\u00e9d\u00e9rer les diff\u00e9rents lots et fixer des r\u00e8gles pr\u00e9cises offrant toutes les garanties en termes de <strong>cybers\u00e9curit\u00e9, int\u00e9rop\u00e9rabilit\u00e9 et \u00e9volutivit\u00e9<\/strong>.<\/p>\n\n\n\n<p>Les architectures sont toujours sp\u00e9cifiques \u00e0 chaque projet en fonction des contraintes de construction, des certifications envisag\u00e9es, des normes ou recommandations requises et du niveau de cybers\u00e9curit\u00e9 vis\u00e9.<\/p>\n\n\n\n<h2 class=\"wp-block-heading has-ast-global-color-0-color has-text-color has-link-color wp-elements-8e14039318c74afa23adf10b8ce2c42d\" style=\"padding-top:0;padding-bottom:0\">R\u00e9seau WAN &amp; Acc\u00e8s @<\/h2>\n\n\n\n<p>La <strong>connectivit\u00e9<\/strong> du b\u00e2timent devient un enjeu vital pour l&rsquo;entreprise depuis la mise en oeuvre du t\u00e9l\u00e9travail et de la d\u00e9localisation des ressources au sein d&rsquo;un data center. La fiabilit\u00e9 des liens externes devient un pr\u00e9requis indispensable dans tout projet immobilier.<\/p>\n\n\n\n<div class=\"wp-block-media-text is-stacked-on-mobile\" style=\"border-radius:0px;margin-bottom:var(--wp--preset--spacing--50);grid-template-columns:40% auto\"><figure class=\"wp-block-media-text__media\"><img loading=\"lazy\" decoding=\"async\" width=\"1024\" height=\"683\" src=\"http:\/\/open-concept.fr\/WordPress\/wp-content\/uploads\/2024\/01\/fibre-1024x683.jpg\" alt=\"\" class=\"wp-image-262 size-full\" srcset=\"https:\/\/open-concept.fr\/WordPress\/wp-content\/uploads\/2024\/01\/fibre-1024x683.jpg 1024w, https:\/\/open-concept.fr\/WordPress\/wp-content\/uploads\/2024\/01\/fibre-300x200.jpg 300w, https:\/\/open-concept.fr\/WordPress\/wp-content\/uploads\/2024\/01\/fibre-768x512.jpg 768w\" sizes=\"auto, (max-width: 1024px) 100vw, 1024px\" \/><\/figure><div class=\"wp-block-media-text__content\">\n<blockquote class=\"wp-block-quote is-layout-flow wp-block-quote-is-layout-flow\" style=\"font-size:16px\">\n<p>Nous proposons de vous accompagner dans le processus de recherche de la solution la plus adapt\u00e9e \u00e0 vos besoins et compatible avec l&rsquo;infrastructure du b\u00e2timent :<\/p>\n\n\n\n<ul class=\"wp-block-list\">\n<li>Adduction simple ou double<\/li>\n\n\n\n<li>Minimisation des SPOF<\/li>\n\n\n\n<li>Choix des op\u00e9rateurs<\/li>\n\n\n\n<li>N\u00e9gociation des contrats<\/li>\n\n\n\n<li>Suivi du d\u00e9ploiement<\/li>\n\n\n\n<li>Commissionnement<\/li>\n<\/ul>\n<\/blockquote>\n<\/div><\/div>\n\n\n\n<h2 class=\"wp-block-heading has-ast-global-color-0-color has-text-color has-link-color wp-elements-8870ca3206572ddfd678a47105777c20\">WiFi<\/h2>\n\n\n\n<p>Le poste de travail est d\u00e9sormais mobile. Les connexions r\u00e9seau deviennent sans-fil et imposent de dimensionner les \u00e9quipements en cons\u00e9quence. <\/p>\n\n\n\n<p>Gr\u00e2ce \u00e0 une <strong>\u00e9tude de couverture<\/strong> jumel\u00e9e \u00e0 un audit des locaux, nous proposons de compl\u00e9ter vos plans de zoning par la couche r\u00e9seau situ\u00e9e en nappe haute. Cette \u00e9tude a pour objectif de proposer aux utilisateurs une <strong>couverture r\u00e9seau de qualit\u00e9 <\/strong>y compris en situation de mobilit\u00e9 entre son poste de travail et par exemple une salle de r\u00e9unions.<\/p>\n\n\n\n<h2 class=\"wp-block-heading has-ast-global-color-0-color has-text-color has-link-color wp-elements-b8c06f3da19e71aec0d4bf8af8141aab\">5G indoor<\/h2>\n\n\n\n<p>Les mat\u00e9riaux de plus en plus performants constituant les b\u00e2timents et notamment les fa\u00e7ades, bloquent les ondes radio et r\u00e9duisent fortement la connectivit\u00e9 des smartphones. L&rsquo;impact est ressenti n\u00e9gativement par les occupants qui souhaitent rester joignables sur leur lieu de travail.<\/p>\n\n\n\n<div class=\"wp-block-media-text has-media-on-the-right is-stacked-on-mobile\" style=\"grid-template-columns:auto 40%\"><div class=\"wp-block-media-text__content\">\n<blockquote class=\"wp-block-quote is-layout-flow wp-block-quote-is-layout-flow\" style=\"font-size:16px\">\n<p>Le positionnement du b\u00e2timent ou des espaces sur la carte de couverture des op\u00e9rateurs, permet d&rsquo;anticiper en proposant des solutions permettant de <strong>restituer une couverture mobile indoor<\/strong>. Nous prenons en compte l&rsquo;ensemble des d\u00e9marches aupr\u00e8s des parties prenantes : bailleur, op\u00e9rateur, installateur et intervenons depuis la phase de conception jusqu&rsquo;au commissionnement de l&rsquo;installation permettant de valider les performances vis\u00e9es.<\/p>\n<\/blockquote>\n<\/div><figure class=\"wp-block-media-text__media\"><img loading=\"lazy\" decoding=\"async\" width=\"1024\" height=\"683\" src=\"http:\/\/open-concept.fr\/WordPress\/wp-content\/uploads\/2024\/01\/wireless-1024x683.jpg\" alt=\"\" class=\"wp-image-475 size-full\" srcset=\"https:\/\/open-concept.fr\/WordPress\/wp-content\/uploads\/2024\/01\/wireless-1024x683.jpg 1024w, https:\/\/open-concept.fr\/WordPress\/wp-content\/uploads\/2024\/01\/wireless-300x200.jpg 300w, https:\/\/open-concept.fr\/WordPress\/wp-content\/uploads\/2024\/01\/wireless-768x512.jpg 768w, https:\/\/open-concept.fr\/WordPress\/wp-content\/uploads\/2024\/01\/wireless-1536x1024.jpg 1536w, https:\/\/open-concept.fr\/WordPress\/wp-content\/uploads\/2024\/01\/wireless-2048x1365.jpg 2048w\" sizes=\"auto, (max-width: 1024px) 100vw, 1024px\" \/><\/figure><\/div>\n\n\n\n<h2 class=\"wp-block-heading has-ast-global-color-0-color has-text-color has-link-color wp-elements-e9f6f368749fe312564eddaaf31d8ea3\">R\u00e9seau IP f\u00e9d\u00e9rateur &#8211; BIS et BOS<\/h2>\n\n\n\n<p>La multiplicit\u00e9 des r\u00e9seaux d\u00e9ploy\u00e9s par les lots techniques n&rsquo;est plus envisageable de nos jours pour des raisons \u00e9conomiques et de cybers\u00e9curit\u00e9. <\/p>\n\n\n\n<div class=\"wp-block-media-text is-stacked-on-mobile\" style=\"grid-template-columns:40% auto\"><figure class=\"wp-block-media-text__media\"><img loading=\"lazy\" decoding=\"async\" width=\"1024\" height=\"681\" src=\"http:\/\/open-concept.fr\/WordPress\/wp-content\/uploads\/2024\/01\/network-1024x681.jpg\" alt=\"\" class=\"wp-image-479 size-full\" srcset=\"https:\/\/open-concept.fr\/WordPress\/wp-content\/uploads\/2024\/01\/network-1024x681.jpg 1024w, https:\/\/open-concept.fr\/WordPress\/wp-content\/uploads\/2024\/01\/network-300x199.jpg 300w, https:\/\/open-concept.fr\/WordPress\/wp-content\/uploads\/2024\/01\/network-768x511.jpg 768w, https:\/\/open-concept.fr\/WordPress\/wp-content\/uploads\/2024\/01\/network-1536x1021.jpg 1536w, https:\/\/open-concept.fr\/WordPress\/wp-content\/uploads\/2024\/01\/network-2048x1362.jpg 2048w\" sizes=\"auto, (max-width: 1024px) 100vw, 1024px\" \/><\/figure><div class=\"wp-block-media-text__content\">\n<blockquote class=\"wp-block-quote is-layout-flow wp-block-quote-is-layout-flow\" style=\"font-size:16px\">\n<p>Le r\u00e9seau f\u00e9d\u00e9rateur ou <strong>Building Information System<\/strong> (BIS) s&rsquo;impose comme la solution permettant d&rsquo;<strong>optimiser les co\u00fbts<\/strong> en phase d&rsquo;exploitation et <strong>renforcer la cybers\u00e9curit\u00e9<\/strong>.<\/p>\n<\/blockquote>\n<\/div><\/div>\n\n\n\n<p><\/p>\n","protected":false},"excerpt":{"rendered":"<p>La mise en oeuvre d&rsquo;un r\u00e9seau Smart Building ou d&rsquo;un Building Information System (BIS) permet de f\u00e9d\u00e9rer les diff\u00e9rents lots [&hellip;]<\/p>\n","protected":false},"author":1,"featured_media":0,"parent":355,"menu_order":1,"comment_status":"closed","ping_status":"closed","template":"","meta":{"site-sidebar-layout":"default","site-content-layout":"","ast-site-content-layout":"default","site-content-style":"default","site-sidebar-style":"default","ast-global-header-display":"","ast-banner-title-visibility":"","ast-main-header-display":"","ast-hfb-above-header-display":"","ast-hfb-below-header-display":"","ast-hfb-mobile-header-display":"","site-post-title":"","ast-breadcrumbs-content":"","ast-featured-img":"","footer-sml-layout":"","ast-disable-related-posts":"","theme-transparent-header-meta":"","adv-header-id-meta":"","stick-header-meta":"","header-above-stick-meta":"","header-main-stick-meta":"","header-below-stick-meta":"","astra-migrate-meta-layouts":"default","ast-page-background-enabled":"default","ast-page-background-meta":{"desktop":{"background-color":"var(--ast-global-color-4)","background-image":"","background-repeat":"repeat","background-position":"center center","background-size":"auto","background-attachment":"scroll","background-type":"","background-media":"","overlay-type":"","overlay-color":"","overlay-opacity":"","overlay-gradient":""},"tablet":{"background-color":"","background-image":"","background-repeat":"repeat","background-position":"center center","background-size":"auto","background-attachment":"scroll","background-type":"","background-media":"","overlay-type":"","overlay-color":"","overlay-opacity":"","overlay-gradient":""},"mobile":{"background-color":"","background-image":"","background-repeat":"repeat","background-position":"center center","background-size":"auto","background-attachment":"scroll","background-type":"","background-media":"","overlay-type":"","overlay-color":"","overlay-opacity":"","overlay-gradient":""}},"ast-content-background-meta":{"desktop":{"background-color":"var(--ast-global-color-5)","background-image":"","background-repeat":"repeat","background-position":"center center","background-size":"auto","background-attachment":"scroll","background-type":"","background-media":"","overlay-type":"","overlay-color":"","overlay-opacity":"","overlay-gradient":""},"tablet":{"background-color":"var(--ast-global-color-5)","background-image":"","background-repeat":"repeat","background-position":"center center","background-size":"auto","background-attachment":"scroll","background-type":"","background-media":"","overlay-type":"","overlay-color":"","overlay-opacity":"","overlay-gradient":""},"mobile":{"background-color":"var(--ast-global-color-5)","background-image":"","background-repeat":"repeat","background-position":"center center","background-size":"auto","background-attachment":"scroll","background-type":"","background-media":"","overlay-type":"","overlay-color":"","overlay-opacity":"","overlay-gradient":""}},"footnotes":""},"class_list":["post-71","page","type-page","status-publish","hentry"],"_links":{"self":[{"href":"https:\/\/open-concept.fr\/index.php?rest_route=\/wp\/v2\/pages\/71","targetHints":{"allow":["GET"]}}],"collection":[{"href":"https:\/\/open-concept.fr\/index.php?rest_route=\/wp\/v2\/pages"}],"about":[{"href":"https:\/\/open-concept.fr\/index.php?rest_route=\/wp\/v2\/types\/page"}],"author":[{"embeddable":true,"href":"https:\/\/open-concept.fr\/index.php?rest_route=\/wp\/v2\/users\/1"}],"replies":[{"embeddable":true,"href":"https:\/\/open-concept.fr\/index.php?rest_route=%2Fwp%2Fv2%2Fcomments&post=71"}],"version-history":[{"count":32,"href":"https:\/\/open-concept.fr\/index.php?rest_route=\/wp\/v2\/pages\/71\/revisions"}],"predecessor-version":[{"id":1315,"href":"https:\/\/open-concept.fr\/index.php?rest_route=\/wp\/v2\/pages\/71\/revisions\/1315"}],"up":[{"embeddable":true,"href":"https:\/\/open-concept.fr\/index.php?rest_route=\/wp\/v2\/pages\/355"}],"wp:attachment":[{"href":"https:\/\/open-concept.fr\/index.php?rest_route=%2Fwp%2Fv2%2Fmedia&parent=71"}],"curies":[{"name":"wp","href":"https:\/\/api.w.org\/{rel}","templated":true}]}}